{"id":498,"date":"2024-05-27T22:54:46","date_gmt":"2024-05-27T20:54:46","guid":{"rendered":"https:\/\/www.polcro.pl\/?page_id=498"},"modified":"2025-11-19T11:30:32","modified_gmt":"2025-11-19T10:30:32","slug":"szkolenie-gcp-w-firmie-wykladowej","status":"publish","type":"page","link":"https:\/\/www.polcro.pl\/?page_id=498","title":{"rendered":"Szkolenie GCP w firmie wyk\u0142adowej"},"content":{"rendered":"<p><span data-contrast=\"none\">Pragniemy zach\u0119ci\u0107 Pa\u0144stwa do odbycia szkolenia GCP skierowanego do badaczy,\u202fwsp\u00f3\u0142badaczy i piel\u0119gniarek. Szkolenie zosta\u0142o przygotowane przez grup\u0119\u202fwieloletnich pracownik\u00f3w operacji klinicznych firm CRO, zrzeszonych w Polskim Zwi\u0105zku\u202fPracodawc\u00f3w Firm Prowadz\u0105cych Badania Kliniczne na Zlecenie (POLCRO). Doje\u017cd\u017camy\u202fdo o\u015brodka, ale mo\u017cemy te\u017c zorganizowa\u0107 takie szkolenie w trakcie Spotkania\u202fBadaczy. Minimalna liczba uczestnik\u00f3w to 10 os\u00f3b. Materia\u0142y i prezentacja w j\u0119zyku\u202fpolskim. Szkolenie zako\u0144czone jest egzaminem w formie testu. Ka\u017cdy z uczestnik\u00f3w otrzyma\u202fcertyfikat szkolenia GCP wydany przez POLCRO, Polski Zwi\u0105zek Pracodawc\u00f3w Firm\u202fProwadz\u0105cych Badania Kliniczne na Zlecenie oraz ksi\u0105\u017ckowe wydanie GCP. Szkolenie jest\u202fca\u0142odniowe (ok. 6 godz.) i zostan\u0105 na nim om\u00f3wione wszystkie rozdzia\u0142y GCP\u202fze szczeg\u00f3lnym uwzgl\u0119dnieniem roli badacza i o\u015brodka.<\/span><span data-ccp-props=\"{&quot;201341983&quot;:0,&quot;335551550&quot;:6,&quot;335551620&quot;:6,&quot;335557856&quot;:16777215,&quot;335559739&quot;:0,&quot;335559740&quot;:240}\">\u00a0<\/span><\/p>\n<ul>\n<li data-leveltext=\"\uf0b7\" data-font=\"Symbol\" data-listid=\"1\" data-list-defn-props=\"{&quot;335552541&quot;:1,&quot;335559685&quot;:720,&quot;335559991&quot;:360,&quot;469769226&quot;:&quot;Symbol&quot;,&quot;469769242&quot;:[8226],&quot;469777803&quot;:&quot;left&quot;,&quot;469777804&quot;:&quot;\uf0b7&quot;,&quot;469777815&quot;:&quot;multilevel&quot;}\" aria-setsize=\"-1\" data-aria-posinset=\"1\" data-aria-level=\"1\"><span data-contrast=\"none\">Wst\u0119p i podstawowe zasady ICH GCP-ok. <\/span><span data-contrast=\"none\">15 minut<\/span><span data-ccp-props=\"{&quot;134233117&quot;:true,&quot;201341983&quot;:0,&quot;335557856&quot;:16777215,&quot;335559685&quot;:1320,&quot;335559739&quot;:90,&quot;335559740&quot;:240}\">\u00a0<\/span><\/li>\n<li data-leveltext=\"\uf0b7\" data-font=\"Symbol\" data-listid=\"1\" data-list-defn-props=\"{&quot;335552541&quot;:1,&quot;335559685&quot;:720,&quot;335559991&quot;:360,&quot;469769226&quot;:&quot;Symbol&quot;,&quot;469769242&quot;:[8226],&quot;469777803&quot;:&quot;left&quot;,&quot;469777804&quot;:&quot;\uf0b7&quot;,&quot;469777815&quot;:&quot;multilevel&quot;}\" aria-setsize=\"-1\" data-aria-posinset=\"2\" data-aria-level=\"1\"><span data-contrast=\"none\">Komisja Bioetyczna- ok. 30 minut<\/span><span data-ccp-props=\"{&quot;134233117&quot;:true,&quot;201341983&quot;:0,&quot;335557856&quot;:16777215,&quot;335559685&quot;:1320,&quot;335559739&quot;:90,&quot;335559740&quot;:240}\">\u00a0<\/span><\/li>\n<li data-leveltext=\"\uf0b7\" data-font=\"Symbol\" data-listid=\"1\" data-list-defn-props=\"{&quot;335552541&quot;:1,&quot;335559685&quot;:720,&quot;335559991&quot;:360,&quot;469769226&quot;:&quot;Symbol&quot;,&quot;469769242&quot;:[8226],&quot;469777803&quot;:&quot;left&quot;,&quot;469777804&quot;:&quot;\uf0b7&quot;,&quot;469777815&quot;:&quot;multilevel&quot;}\" aria-setsize=\"-1\" data-aria-posinset=\"3\" data-aria-level=\"1\"><span data-contrast=\"none\">Obowi\u0105zki badacza-ok. 2 godz.<\/span><span data-ccp-props=\"{&quot;134233117&quot;:true,&quot;201341983&quot;:0,&quot;335557856&quot;:16777215,&quot;335559685&quot;:1320,&quot;335559739&quot;:90,&quot;335559740&quot;:240}\">\u00a0<\/span><\/li>\n<li data-leveltext=\"\uf0b7\" data-font=\"Symbol\" data-listid=\"1\" data-list-defn-props=\"{&quot;335552541&quot;:1,&quot;335559685&quot;:720,&quot;335559991&quot;:360,&quot;469769226&quot;:&quot;Symbol&quot;,&quot;469769242&quot;:[8226],&quot;469777803&quot;:&quot;left&quot;,&quot;469777804&quot;:&quot;\uf0b7&quot;,&quot;469777815&quot;:&quot;multilevel&quot;}\" aria-setsize=\"-1\" data-aria-posinset=\"4\" data-aria-level=\"1\"><span data-contrast=\"none\">Obowi\u0105zki sponsora- ok. 30 minut<\/span><span data-ccp-props=\"{&quot;134233117&quot;:true,&quot;201341983&quot;:0,&quot;335557856&quot;:16777215,&quot;335559685&quot;:1320,&quot;335559739&quot;:90,&quot;335559740&quot;:240}\">\u00a0<\/span><\/li>\n<li data-leveltext=\"\uf0b7\" data-font=\"Symbol\" data-listid=\"1\" data-list-defn-props=\"{&quot;335552541&quot;:1,&quot;335559685&quot;:720,&quot;335559991&quot;:360,&quot;469769226&quot;:&quot;Symbol&quot;,&quot;469769242&quot;:[8226],&quot;469777803&quot;:&quot;left&quot;,&quot;469777804&quot;:&quot;\uf0b7&quot;,&quot;469777815&quot;:&quot;multilevel&quot;}\" aria-setsize=\"-1\" data-aria-posinset=\"5\" data-aria-level=\"1\"><span data-contrast=\"none\">Protok\u00f3\u0142 badania klinicznego i poprawka do protoko\u0142u badania klinicznego- ok. 30 minut<\/span><span data-ccp-props=\"{&quot;134233117&quot;:true,&quot;201341983&quot;:0,&quot;335557856&quot;:16777215,&quot;335559685&quot;:1320,&quot;335559739&quot;:90,&quot;335559740&quot;:240}\">\u00a0<\/span><\/li>\n<li data-leveltext=\"\uf0b7\" data-font=\"Symbol\" data-listid=\"1\" data-list-defn-props=\"{&quot;335552541&quot;:1,&quot;335559685&quot;:720,&quot;335559991&quot;:360,&quot;469769226&quot;:&quot;Symbol&quot;,&quot;469769242&quot;:[8226],&quot;469777803&quot;:&quot;left&quot;,&quot;469777804&quot;:&quot;\uf0b7&quot;,&quot;469777815&quot;:&quot;multilevel&quot;}\" aria-setsize=\"-1\" data-aria-posinset=\"6\" data-aria-level=\"1\"><span data-contrast=\"none\">Broszura Badacza- ok. 30 minut<\/span><span data-ccp-props=\"{&quot;134233117&quot;:true,&quot;201341983&quot;:0,&quot;335557856&quot;:16777215,&quot;335559685&quot;:1320,&quot;335559739&quot;:90,&quot;335559740&quot;:240}\">\u00a0<\/span><\/li>\n<li data-leveltext=\"\uf0b7\" data-font=\"Symbol\" data-listid=\"1\" data-list-defn-props=\"{&quot;335552541&quot;:1,&quot;335559685&quot;:720,&quot;335559991&quot;:360,&quot;469769226&quot;:&quot;Symbol&quot;,&quot;469769242&quot;:[8226],&quot;469777803&quot;:&quot;left&quot;,&quot;469777804&quot;:&quot;\uf0b7&quot;,&quot;469777815&quot;:&quot;multilevel&quot;}\" aria-setsize=\"-1\" data-aria-posinset=\"7\" data-aria-level=\"1\"><span data-contrast=\"none\">Podstawowa dokumentacja niezb\u0119dna do prowadzenia badania klinicznego- ok. 30 minut<\/span><span data-ccp-props=\"{&quot;134233117&quot;:true,&quot;201341983&quot;:0,&quot;335557856&quot;:16777215,&quot;335559685&quot;:1320,&quot;335559739&quot;:90,&quot;335559740&quot;:240}\">\u00a0<\/span><\/li>\n<li data-leveltext=\"\uf0b7\" data-font=\"Symbol\" data-listid=\"1\" data-list-defn-props=\"{&quot;335552541&quot;:1,&quot;335559685&quot;:720,&quot;335559991&quot;:360,&quot;469769226&quot;:&quot;Symbol&quot;,&quot;469769242&quot;:[8226],&quot;469777803&quot;:&quot;left&quot;,&quot;469777804&quot;:&quot;\uf0b7&quot;,&quot;469777815&quot;:&quot;multilevel&quot;}\" aria-setsize=\"-1\" data-aria-posinset=\"8\" data-aria-level=\"1\"><span data-contrast=\"none\">Test- ok. 30 min<\/span><span data-ccp-props=\"{&quot;134233117&quot;:true,&quot;201341983&quot;:0,&quot;335557856&quot;:16777215,&quot;335559685&quot;:1320,&quot;335559739&quot;:90,&quot;335559740&quot;:240}\">\u00a0<\/span><\/li>\n<\/ul>\n<p><span data-contrast=\"none\">Koszt to 420 PLN\/ osoba (r\u00f3wnowarto\u015b\u0107 100 EUR\/ osoba). Istnieje mo\u017cliwo\u015b\u0107 wystawienia faktury przez POLCRO.\u00a0<\/span><span data-ccp-props=\"{&quot;201341983&quot;:0,&quot;335559739&quot;:0,&quot;335559740&quot;:240}\">\u00a0<\/span><\/p>\n<p><span data-contrast=\"none\">Warunkiem przeprowadzenia szkolenia jest potwierdzenie uczestnictwa przez co najmniej 10 os\u00f3b.\u00a0<\/span><span data-ccp-props=\"{&quot;201341983&quot;:0,&quot;335559739&quot;:0,&quot;335559740&quot;:240}\">\u00a0<\/span><\/p>\n<p><span data-contrast=\"none\">Osoby zainteresowane prosimy o <a href=\"https:\/\/www.polcro.pl\/?page_id=541\" target=\"_blank\" rel=\"noopener\">kontakt<\/a><\/span><\/p>\n","protected":false},"excerpt":{"rendered":"<p>Pragniemy zach\u0119ci\u0107 Pa\u0144stwa do odbycia szkolenia GCP skierowanego do badaczy,\u202fwsp\u00f3\u0142badaczy i piel\u0119gniarek. Szkolenie zosta\u0142o przygotowane przez grup\u0119\u202fwieloletnich pracownik\u00f3w operacji klinicznych firm CRO, zrzeszonych w Polskim Zwi\u0105zku\u202fPracodawc\u00f3w Firm Prowadz\u0105cych Badania Kliniczne na Zlecenie (POLCRO). Doje\u017cd\u017camy\u202fdo o\u015brodka, ale mo\u017cemy te\u017c zorganizowa\u0107 takie szkolenie w trakcie Spotkania\u202fBadaczy. Minimalna liczba uczestnik\u00f3w to 10 os\u00f3b. Materia\u0142y i prezentacja w j\u0119zyku\u202fpolskim. [&hellip;]<\/p>\n","protected":false},"author":1,"featured_media":0,"parent":501,"menu_order":0,"comment_status":"closed","ping_status":"closed","template":"","meta":{"footnotes":""},"class_list":["post-498","page","type-page","status-publish","hentry"],"_links":{"self":[{"href":"https:\/\/www.polcro.pl\/index.php?rest_route=\/wp\/v2\/pages\/498","targetHints":{"allow":["GET"]}}],"collection":[{"href":"https:\/\/www.polcro.pl\/index.php?rest_route=\/wp\/v2\/pages"}],"about":[{"href":"https:\/\/www.polcro.pl\/index.php?rest_route=\/wp\/v2\/types\/page"}],"author":[{"embeddable":true,"href":"https:\/\/www.polcro.pl\/index.php?rest_route=\/wp\/v2\/users\/1"}],"replies":[{"embeddable":true,"href":"https:\/\/www.polcro.pl\/index.php?rest_route=%2Fwp%2Fv2%2Fcomments&post=498"}],"version-history":[{"count":6,"href":"https:\/\/www.polcro.pl\/index.php?rest_route=\/wp\/v2\/pages\/498\/revisions"}],"predecessor-version":[{"id":604,"href":"https:\/\/www.polcro.pl\/index.php?rest_route=\/wp\/v2\/pages\/498\/revisions\/604"}],"up":[{"embeddable":true,"href":"https:\/\/www.polcro.pl\/index.php?rest_route=\/wp\/v2\/pages\/501"}],"wp:attachment":[{"href":"https:\/\/www.polcro.pl\/index.php?rest_route=%2Fwp%2Fv2%2Fmedia&parent=498"}],"curies":[{"name":"wp","href":"https:\/\/api.w.org\/{rel}","templated":true}]}}